{"id":1770,"date":"2024-04-15T10:18:40","date_gmt":"2024-04-15T10:18:40","guid":{"rendered":"https:\/\/tiendatalleresmendiola.rkinformatika.online\/?page_id=1770"},"modified":"2024-04-15T11:02:01","modified_gmt":"2024-04-15T11:02:01","slug":"politicas-de-devoluciones-y-reembolsos","status":"publish","type":"page","link":"https:\/\/tienda.talleresmendiola.com\/eu\/politicas-de-devoluciones-y-reembolsos\/","title":{"rendered":"Pol\u00edticas de Devoluciones y Reembolsos"},"content":{"rendered":"<div data-elementor-type=\"wp-page\" data-elementor-id=\"1770\" class=\"elementor elementor-1770\" data-elementor-post-type=\"page\">\n\t\t\t\t\t\t<section class=\"elementor-section elementor-top-section elementor-element elementor-element-6e2f524 elementor-section-boxed elementor-section-height-default elementor-section-height-default\" data-id=\"6e2f524\" data-element_type=\"section\" data-e-type=\"section\">\n\t\t\t\t\t\t<div class=\"elementor-container elementor-column-gap-default\">\n\t\t\t\t\t<div class=\"elementor-column elementor-col-100 elementor-top-column elementor-element elementor-element-b53ec28\" data-id=\"b53ec28\" data-element_type=\"column\" data-e-type=\"column\">\n\t\t\t<div class=\"elementor-widget-wrap elementor-element-populated\">\n\t\t\t\t\t\t<div class=\"elementor-element elementor-element-87ddbab elementor-widget elementor-widget-text-editor\" data-id=\"87ddbab\" data-element_type=\"widget\" data-e-type=\"widget\" data-widget_type=\"text-editor.default\">\n\t\t\t\t<div class=\"elementor-widget-container\">\n\t\t\t\t\t\t\t\t\t<h2><strong>POL\u00cdTICAS DE DEVOLUCIONES<\/strong><\/h2><p>En el caso de cambio el cliente nos debe informar y hacernos llegar el producto que quiere devolver y tras valorar que el producto tiene que est\u00e1 sin usar con la etiqueta y envoltorio original, se procede a hacer la devoluci\u00f3n del mismo modo que se ha hecho el pago.<\/p><p>Tambi\u00e9n se puede hacer la devoluci\u00f3n en la propia tienda.<\/p><p>Se dispone de 15 d\u00edas para devolver el pedido.<\/p><p>Pod\u00e9is poneros en contacto con nosotros en el tel\u00e9fono <strong>+34 946 20 38 83<\/strong>\u00a0o en el e-mail\u00a0<a href=\"mailto:contacto@talleresmendiola.com\"><span class=\"elementor-icon-list-text\">contacto@talleresmendiola.es<\/span><\/a><\/p>\t\t\t\t\t\t\t\t<\/div>\n\t\t\t\t<\/div>\n\t\t\t\t\t<\/div>\n\t\t<\/div>\n\t\t\t\t\t<\/div>\n\t\t<\/section>\n\t\t\t\t<\/div>","protected":false},"excerpt":{"rendered":"<p>POL\u00cdTICAS DE DEVOLUCIONES En el caso de cambio el cliente nos debe informar y hacernos llegar el producto que quiere devolver y tras valorar que el producto tiene que est\u00e1 sin usar con la etiqueta y envoltorio original, se procede a hacer la devoluci\u00f3n del mismo modo que se ha hecho el pago. Tambi\u00e9n se [&hellip;]<\/p>\n","protected":false},"author":1,"featured_media":0,"parent":0,"menu_order":0,"comment_status":"closed","ping_status":"closed","template":"elementor_canvas","meta":{"footnotes":""},"class_list":["post-1770","page","type-page","status-publish","hentry"],"yoast_head":"<!-- This site is optimized with the Yoast SEO plugin v27.3 - https:\/\/yoast.com\/product\/yoast-seo-wordpress\/ -->\n<title>Pol\u00edticas de Devoluciones y Reembolsos - Talleres Mendiola S.L.<\/title>\n<meta name=\"robots\" content=\"index, follow, max-snippet:-1, max-image-preview:large, max-video-preview:-1\" \/>\n<link rel=\"canonical\" href=\"https:\/\/tienda.talleresmendiola.com\/eu\/politicas-de-devoluciones-y-reembolsos\/\" \/>\n<meta property=\"og:locale\" content=\"en_US\" \/>\n<meta property=\"og:type\" content=\"article\" \/>\n<meta property=\"og:title\" content=\"Pol\u00edticas de Devoluciones y Reembolsos - Talleres Mendiola S.L.\" \/>\n<meta property=\"og:description\" content=\"POL\u00cdTICAS DE DEVOLUCIONES En el caso de cambio el cliente nos debe informar y hacernos llegar el producto que quiere devolver y tras valorar que el producto tiene que est\u00e1 sin usar con la etiqueta y envoltorio original, se procede a hacer la devoluci\u00f3n del mismo modo que se ha hecho el pago. Tambi\u00e9n se [&hellip;]\" \/>\n<meta property=\"og:url\" content=\"https:\/\/tienda.talleresmendiola.com\/eu\/politicas-de-devoluciones-y-reembolsos\/\" \/>\n<meta property=\"og:site_name\" content=\"Talleres Mendiola S.L.\" \/>\n<meta property=\"article:modified_time\" content=\"2024-04-15T11:02:01+00:00\" \/>\n<meta name=\"twitter:card\" content=\"summary_large_image\" \/>\n<meta name=\"twitter:label1\" content=\"Est. reading time\" \/>\n\t<meta name=\"twitter:data1\" content=\"1 minutua\" \/>\n<script type=\"application\/ld+json\" class=\"yoast-schema-graph\">{\"@context\":\"https:\\\/\\\/schema.org\",\"@graph\":[{\"@type\":\"WebPage\",\"@id\":\"https:\\\/\\\/tienda.talleresmendiola.com\\\/politicas-de-devoluciones-y-reembolsos\\\/\",\"url\":\"https:\\\/\\\/tienda.talleresmendiola.com\\\/politicas-de-devoluciones-y-reembolsos\\\/\",\"name\":\"Pol\u00edticas de Devoluciones y Reembolsos - Talleres Mendiola S.L.\",\"isPartOf\":{\"@id\":\"https:\\\/\\\/tienda.talleresmendiola.com\\\/#website\"},\"datePublished\":\"2024-04-15T10:18:40+00:00\",\"dateModified\":\"2024-04-15T11:02:01+00:00\",\"breadcrumb\":{\"@id\":\"https:\\\/\\\/tienda.talleresmendiola.com\\\/politicas-de-devoluciones-y-reembolsos\\\/#breadcrumb\"},\"inLanguage\":\"eu\",\"potentialAction\":[{\"@type\":\"ReadAction\",\"target\":[\"https:\\\/\\\/tienda.talleresmendiola.com\\\/politicas-de-devoluciones-y-reembolsos\\\/\"]}]},{\"@type\":\"BreadcrumbList\",\"@id\":\"https:\\\/\\\/tienda.talleresmendiola.com\\\/politicas-de-devoluciones-y-reembolsos\\\/#breadcrumb\",\"itemListElement\":[{\"@type\":\"ListItem\",\"position\":1,\"name\":\"Portada\",\"item\":\"https:\\\/\\\/tienda.talleresmendiola.com\\\/\"},{\"@type\":\"ListItem\",\"position\":2,\"name\":\"Pol\u00edticas de Devoluciones y Reembolsos\"}]},{\"@type\":\"WebSite\",\"@id\":\"https:\\\/\\\/tienda.talleresmendiola.com\\\/#website\",\"url\":\"https:\\\/\\\/tienda.talleresmendiola.com\\\/\",\"name\":\"Talleres Mendiola S.L.\",\"description\":\"Talleres Mendiola S.L.\",\"publisher\":{\"@id\":\"https:\\\/\\\/tienda.talleresmendiola.com\\\/#organization\"},\"potentialAction\":[{\"@type\":\"SearchAction\",\"target\":{\"@type\":\"EntryPoint\",\"urlTemplate\":\"https:\\\/\\\/tienda.talleresmendiola.com\\\/?s={search_term_string}\"},\"query-input\":{\"@type\":\"PropertyValueSpecification\",\"valueRequired\":true,\"valueName\":\"search_term_string\"}}],\"inLanguage\":\"eu\"},{\"@type\":\"Organization\",\"@id\":\"https:\\\/\\\/tienda.talleresmendiola.com\\\/#organization\",\"name\":\"Talleres Mendiola S.L.\",\"url\":\"https:\\\/\\\/tienda.talleresmendiola.com\\\/\",\"logo\":{\"@type\":\"ImageObject\",\"inLanguage\":\"eu\",\"@id\":\"https:\\\/\\\/tienda.talleresmendiola.com\\\/#\\\/schema\\\/logo\\\/image\\\/\",\"url\":\"https:\\\/\\\/tienda.talleresmendiola.com\\\/wp-content\\\/uploads\\\/2023\\\/10\\\/cropped-logo.png\",\"contentUrl\":\"https:\\\/\\\/tienda.talleresmendiola.com\\\/wp-content\\\/uploads\\\/2023\\\/10\\\/cropped-logo.png\",\"width\":242,\"height\":121,\"caption\":\"Talleres Mendiola S.L.\"},\"image\":{\"@id\":\"https:\\\/\\\/tienda.talleresmendiola.com\\\/#\\\/schema\\\/logo\\\/image\\\/\"}}]}<\/script>\n<!-- \/ Yoast SEO plugin. -->","yoast_head_json":{"title":"Pol\u00edticas de Devoluciones y Reembolsos - Talleres Mendiola S.L.","robots":{"index":"index","follow":"follow","max-snippet":"max-snippet:-1","max-image-preview":"max-image-preview:large","max-video-preview":"max-video-preview:-1"},"canonical":"https:\/\/tienda.talleresmendiola.com\/eu\/politicas-de-devoluciones-y-reembolsos\/","og_locale":"en_US","og_type":"article","og_title":"Pol\u00edticas de Devoluciones y Reembolsos - Talleres Mendiola S.L.","og_description":"POL\u00cdTICAS DE DEVOLUCIONES En el caso de cambio el cliente nos debe informar y hacernos llegar el producto que quiere devolver y tras valorar que el producto tiene que est\u00e1 sin usar con la etiqueta y envoltorio original, se procede a hacer la devoluci\u00f3n del mismo modo que se ha hecho el pago. Tambi\u00e9n se [&hellip;]","og_url":"https:\/\/tienda.talleresmendiola.com\/eu\/politicas-de-devoluciones-y-reembolsos\/","og_site_name":"Talleres Mendiola S.L.","article_modified_time":"2024-04-15T11:02:01+00:00","twitter_card":"summary_large_image","twitter_misc":{"Est. reading time":"1 minutua"},"schema":{"@context":"https:\/\/schema.org","@graph":[{"@type":"WebPage","@id":"https:\/\/tienda.talleresmendiola.com\/politicas-de-devoluciones-y-reembolsos\/","url":"https:\/\/tienda.talleresmendiola.com\/politicas-de-devoluciones-y-reembolsos\/","name":"Pol\u00edticas de Devoluciones y Reembolsos - Talleres Mendiola S.L.","isPartOf":{"@id":"https:\/\/tienda.talleresmendiola.com\/#website"},"datePublished":"2024-04-15T10:18:40+00:00","dateModified":"2024-04-15T11:02:01+00:00","breadcrumb":{"@id":"https:\/\/tienda.talleresmendiola.com\/politicas-de-devoluciones-y-reembolsos\/#breadcrumb"},"inLanguage":"eu","potentialAction":[{"@type":"ReadAction","target":["https:\/\/tienda.talleresmendiola.com\/politicas-de-devoluciones-y-reembolsos\/"]}]},{"@type":"BreadcrumbList","@id":"https:\/\/tienda.talleresmendiola.com\/politicas-de-devoluciones-y-reembolsos\/#breadcrumb","itemListElement":[{"@type":"ListItem","position":1,"name":"Portada","item":"https:\/\/tienda.talleresmendiola.com\/"},{"@type":"ListItem","position":2,"name":"Pol\u00edticas de Devoluciones y Reembolsos"}]},{"@type":"WebSite","@id":"https:\/\/tienda.talleresmendiola.com\/#website","url":"https:\/\/tienda.talleresmendiola.com\/","name":"Talleres Mendiola S.L.","description":"Talleres Mendiola S.L.","publisher":{"@id":"https:\/\/tienda.talleresmendiola.com\/#organization"},"potentialAction":[{"@type":"SearchAction","target":{"@type":"EntryPoint","urlTemplate":"https:\/\/tienda.talleresmendiola.com\/?s={search_term_string}"},"query-input":{"@type":"PropertyValueSpecification","valueRequired":true,"valueName":"search_term_string"}}],"inLanguage":"eu"},{"@type":"Organization","@id":"https:\/\/tienda.talleresmendiola.com\/#organization","name":"Talleres Mendiola S.L.","url":"https:\/\/tienda.talleresmendiola.com\/","logo":{"@type":"ImageObject","inLanguage":"eu","@id":"https:\/\/tienda.talleresmendiola.com\/#\/schema\/logo\/image\/","url":"https:\/\/tienda.talleresmendiola.com\/wp-content\/uploads\/2023\/10\/cropped-logo.png","contentUrl":"https:\/\/tienda.talleresmendiola.com\/wp-content\/uploads\/2023\/10\/cropped-logo.png","width":242,"height":121,"caption":"Talleres Mendiola S.L."},"image":{"@id":"https:\/\/tienda.talleresmendiola.com\/#\/schema\/logo\/image\/"}}]}},"jetpack_sharing_enabled":true,"_links":{"self":[{"href":"https:\/\/tienda.talleresmendiola.com\/eu\/wp-json\/wp\/v2\/pages\/1770","targetHints":{"allow":["GET"]}}],"collection":[{"href":"https:\/\/tienda.talleresmendiola.com\/eu\/wp-json\/wp\/v2\/pages"}],"about":[{"href":"https:\/\/tienda.talleresmendiola.com\/eu\/wp-json\/wp\/v2\/types\/page"}],"author":[{"embeddable":true,"href":"https:\/\/tienda.talleresmendiola.com\/eu\/wp-json\/wp\/v2\/users\/1"}],"replies":[{"embeddable":true,"href":"https:\/\/tienda.talleresmendiola.com\/eu\/wp-json\/wp\/v2\/comments?post=1770"}],"version-history":[{"count":15,"href":"https:\/\/tienda.talleresmendiola.com\/eu\/wp-json\/wp\/v2\/pages\/1770\/revisions"}],"predecessor-version":[{"id":2044,"href":"https:\/\/tienda.talleresmendiola.com\/eu\/wp-json\/wp\/v2\/pages\/1770\/revisions\/2044"}],"wp:attachment":[{"href":"https:\/\/tienda.talleresmendiola.com\/eu\/wp-json\/wp\/v2\/media?parent=1770"}],"curies":[{"name":"wp","href":"https:\/\/api.w.org\/{rel}","templated":true}]}}