{"id":1771,"date":"2024-04-15T10:20:01","date_gmt":"2024-04-15T10:20:01","guid":{"rendered":"https:\/\/tiendatalleresmendiola.rkinformatika.online\/?page_id=1771"},"modified":"2024-04-15T11:02:14","modified_gmt":"2024-04-15T11:02:14","slug":"politicas-de-envio","status":"publish","type":"page","link":"https:\/\/tienda.talleresmendiola.com\/eu\/politicas-de-envio\/","title":{"rendered":"Pol\u00edticas de Env\u00edo"},"content":{"rendered":"<div data-elementor-type=\"wp-page\" data-elementor-id=\"1771\" class=\"elementor elementor-1771\" data-elementor-post-type=\"page\">\n\t\t\t\t\t\t<section class=\"elementor-section elementor-top-section elementor-element elementor-element-6e2f524 elementor-section-boxed elementor-section-height-default elementor-section-height-default\" data-id=\"6e2f524\" data-element_type=\"section\" data-e-type=\"section\">\n\t\t\t\t\t\t<div class=\"elementor-container elementor-column-gap-default\">\n\t\t\t\t\t<div class=\"elementor-column elementor-col-100 elementor-top-column elementor-element elementor-element-b53ec28\" data-id=\"b53ec28\" data-element_type=\"column\" data-e-type=\"column\">\n\t\t\t<div class=\"elementor-widget-wrap elementor-element-populated\">\n\t\t\t\t\t\t<div class=\"elementor-element elementor-element-87ddbab elementor-widget elementor-widget-text-editor\" data-id=\"87ddbab\" data-element_type=\"widget\" data-e-type=\"widget\" data-widget_type=\"text-editor.default\">\n\t\t\t\t<div class=\"elementor-widget-container\">\n\t\t\t\t\t\t\t\t\t<h2><strong>POL\u00cdTICAS DE ENV\u00cdO<\/strong><\/h2><p>Todos los pedidos recibidos, con stock disponible y abonados antes de las 12:00 horas de lunes a viernes ser\u00e1n cursados el mismo d\u00eda. A partir de las 12:00 se tramitar\u00e1n el siguiente d\u00eda h\u00e1bil. Los pedidos con stock disponible tendr\u00e1n un env\u00edo 24 \u2013 48hrs.<\/p><p>El precio del env\u00edo incluye 2 intentos de entrega en el domicilio del cliente. El tercer intento y sucesivos correr\u00e1n a cargo del cliente. La empresa de transporte intentar\u00e1 ponerse en contacto con el tel\u00e9fono suministrado por el cliente.<\/p><p>No hay confirmado preaviso telef\u00f3nico previo al env\u00edo, por lo que por favor, indique una direcci\u00f3n de entrega donde haya gente de manera habitual, por ejemplo su lugar de trabajo. De esta manera se evitan muchos retrasos y gestiones posteriores.<\/p><p>En los env\u00edos a las Canarias, Ceuta y Melilla, \u00e9stos pueden ver incrementado su coste por impuestos locales como es el caso de IGIC y que correr\u00e1n por cuenta del comprador.<\/p><p>No se servir\u00e1n pedidos en Apartados de Correos.<\/p><p>A cada producto ser\u00e1n aplicables las Condiciones de entrega establecidas en su caso. El usuario deber\u00e1 tener en cuenta dichas Condiciones.<\/p><p>Para cualquier cuesti\u00f3n relacionada con la entrega o las condiciones del producto, el usuario deber\u00e1 contactar con Atenci\u00f3n al Cliente de <b>Talleres Mendiola S.L.<\/b>, enviando un correo electr\u00f3nico a\u00a0<a href=\"mailto:%20info@erubelle.com\"><span class=\"elementor-icon-list-text\">contacto@talleresmendiola.es<\/span><\/a>, que ser\u00e1 respondido a la mayor brevedad.<\/p><p>Los pedidos no se entregan los fines de semana, ni los d\u00edas festivos. Estos d\u00edas, as\u00ed como los afectados por huelga de transportistas o suministradores, no se computar\u00e1n a efectos de plazos de entrega.<\/p><p>Tanto las oficinas de <b>Talleres Mendiola S.L., <\/b>como los almacenes de la empresa log\u00edstica est\u00e1n sujetas a las fiestas oficiales de la Comunidad de Pa\u00eds Vasco, no dando servicio en dichos d\u00edas.<\/p>\t\t\t\t\t\t\t\t<\/div>\n\t\t\t\t<\/div>\n\t\t\t\t\t<\/div>\n\t\t<\/div>\n\t\t\t\t\t<\/div>\n\t\t<\/section>\n\t\t\t\t<\/div>","protected":false},"excerpt":{"rendered":"<p>POL\u00cdTICAS DE ENV\u00cdO Todos los pedidos recibidos, con stock disponible y abonados antes de las 12:00 horas de lunes a viernes ser\u00e1n cursados el mismo d\u00eda. A partir de las 12:00 se tramitar\u00e1n el siguiente d\u00eda h\u00e1bil. Los pedidos con stock disponible tendr\u00e1n un env\u00edo 24 \u2013 48hrs. El precio del env\u00edo incluye 2 intentos [&hellip;]<\/p>\n","protected":false},"author":1,"featured_media":0,"parent":0,"menu_order":0,"comment_status":"closed","ping_status":"closed","template":"elementor_canvas","meta":{"footnotes":""},"class_list":["post-1771","page","type-page","status-publish","hentry"],"yoast_head":"<!-- This site is optimized with the Yoast SEO plugin v27.3 - https:\/\/yoast.com\/product\/yoast-seo-wordpress\/ -->\n<title>Pol\u00edticas de Env\u00edo - Talleres Mendiola S.L.<\/title>\n<meta name=\"robots\" content=\"index, follow, max-snippet:-1, max-image-preview:large, max-video-preview:-1\" \/>\n<link rel=\"canonical\" href=\"https:\/\/tienda.talleresmendiola.com\/eu\/politicas-de-envio\/\" \/>\n<meta property=\"og:locale\" content=\"en_US\" \/>\n<meta property=\"og:type\" content=\"article\" \/>\n<meta property=\"og:title\" content=\"Pol\u00edticas de Env\u00edo - Talleres Mendiola S.L.\" \/>\n<meta property=\"og:description\" content=\"POL\u00cdTICAS DE ENV\u00cdO Todos los pedidos recibidos, con stock disponible y abonados antes de las 12:00 horas de lunes a viernes ser\u00e1n cursados el mismo d\u00eda. A partir de las 12:00 se tramitar\u00e1n el siguiente d\u00eda h\u00e1bil. Los pedidos con stock disponible tendr\u00e1n un env\u00edo 24 \u2013 48hrs. El precio del env\u00edo incluye 2 intentos [&hellip;]\" \/>\n<meta property=\"og:url\" content=\"https:\/\/tienda.talleresmendiola.com\/eu\/politicas-de-envio\/\" \/>\n<meta property=\"og:site_name\" content=\"Talleres Mendiola S.L.\" \/>\n<meta property=\"article:modified_time\" content=\"2024-04-15T11:02:14+00:00\" \/>\n<meta name=\"twitter:card\" content=\"summary_large_image\" \/>\n<meta name=\"twitter:label1\" content=\"Est. reading time\" \/>\n\t<meta name=\"twitter:data1\" content=\"2 minutua\" \/>\n<script type=\"application\/ld+json\" class=\"yoast-schema-graph\">{\"@context\":\"https:\\\/\\\/schema.org\",\"@graph\":[{\"@type\":\"WebPage\",\"@id\":\"https:\\\/\\\/tienda.talleresmendiola.com\\\/politicas-de-envio\\\/\",\"url\":\"https:\\\/\\\/tienda.talleresmendiola.com\\\/politicas-de-envio\\\/\",\"name\":\"Pol\u00edticas de Env\u00edo - Talleres Mendiola S.L.\",\"isPartOf\":{\"@id\":\"https:\\\/\\\/tienda.talleresmendiola.com\\\/#website\"},\"datePublished\":\"2024-04-15T10:20:01+00:00\",\"dateModified\":\"2024-04-15T11:02:14+00:00\",\"breadcrumb\":{\"@id\":\"https:\\\/\\\/tienda.talleresmendiola.com\\\/politicas-de-envio\\\/#breadcrumb\"},\"inLanguage\":\"eu\",\"potentialAction\":[{\"@type\":\"ReadAction\",\"target\":[\"https:\\\/\\\/tienda.talleresmendiola.com\\\/politicas-de-envio\\\/\"]}]},{\"@type\":\"BreadcrumbList\",\"@id\":\"https:\\\/\\\/tienda.talleresmendiola.com\\\/politicas-de-envio\\\/#breadcrumb\",\"itemListElement\":[{\"@type\":\"ListItem\",\"position\":1,\"name\":\"Portada\",\"item\":\"https:\\\/\\\/tienda.talleresmendiola.com\\\/\"},{\"@type\":\"ListItem\",\"position\":2,\"name\":\"Pol\u00edticas de Env\u00edo\"}]},{\"@type\":\"WebSite\",\"@id\":\"https:\\\/\\\/tienda.talleresmendiola.com\\\/#website\",\"url\":\"https:\\\/\\\/tienda.talleresmendiola.com\\\/\",\"name\":\"Talleres Mendiola S.L.\",\"description\":\"Talleres Mendiola S.L.\",\"publisher\":{\"@id\":\"https:\\\/\\\/tienda.talleresmendiola.com\\\/#organization\"},\"potentialAction\":[{\"@type\":\"SearchAction\",\"target\":{\"@type\":\"EntryPoint\",\"urlTemplate\":\"https:\\\/\\\/tienda.talleresmendiola.com\\\/?s={search_term_string}\"},\"query-input\":{\"@type\":\"PropertyValueSpecification\",\"valueRequired\":true,\"valueName\":\"search_term_string\"}}],\"inLanguage\":\"eu\"},{\"@type\":\"Organization\",\"@id\":\"https:\\\/\\\/tienda.talleresmendiola.com\\\/#organization\",\"name\":\"Talleres Mendiola S.L.\",\"url\":\"https:\\\/\\\/tienda.talleresmendiola.com\\\/\",\"logo\":{\"@type\":\"ImageObject\",\"inLanguage\":\"eu\",\"@id\":\"https:\\\/\\\/tienda.talleresmendiola.com\\\/#\\\/schema\\\/logo\\\/image\\\/\",\"url\":\"https:\\\/\\\/tienda.talleresmendiola.com\\\/wp-content\\\/uploads\\\/2023\\\/10\\\/cropped-logo.png\",\"contentUrl\":\"https:\\\/\\\/tienda.talleresmendiola.com\\\/wp-content\\\/uploads\\\/2023\\\/10\\\/cropped-logo.png\",\"width\":242,\"height\":121,\"caption\":\"Talleres Mendiola S.L.\"},\"image\":{\"@id\":\"https:\\\/\\\/tienda.talleresmendiola.com\\\/#\\\/schema\\\/logo\\\/image\\\/\"}}]}<\/script>\n<!-- \/ Yoast SEO plugin. -->","yoast_head_json":{"title":"Pol\u00edticas de Env\u00edo - Talleres Mendiola S.L.","robots":{"index":"index","follow":"follow","max-snippet":"max-snippet:-1","max-image-preview":"max-image-preview:large","max-video-preview":"max-video-preview:-1"},"canonical":"https:\/\/tienda.talleresmendiola.com\/eu\/politicas-de-envio\/","og_locale":"en_US","og_type":"article","og_title":"Pol\u00edticas de Env\u00edo - Talleres Mendiola S.L.","og_description":"POL\u00cdTICAS DE ENV\u00cdO Todos los pedidos recibidos, con stock disponible y abonados antes de las 12:00 horas de lunes a viernes ser\u00e1n cursados el mismo d\u00eda. A partir de las 12:00 se tramitar\u00e1n el siguiente d\u00eda h\u00e1bil. Los pedidos con stock disponible tendr\u00e1n un env\u00edo 24 \u2013 48hrs. El precio del env\u00edo incluye 2 intentos [&hellip;]","og_url":"https:\/\/tienda.talleresmendiola.com\/eu\/politicas-de-envio\/","og_site_name":"Talleres Mendiola S.L.","article_modified_time":"2024-04-15T11:02:14+00:00","twitter_card":"summary_large_image","twitter_misc":{"Est. reading time":"2 minutua"},"schema":{"@context":"https:\/\/schema.org","@graph":[{"@type":"WebPage","@id":"https:\/\/tienda.talleresmendiola.com\/politicas-de-envio\/","url":"https:\/\/tienda.talleresmendiola.com\/politicas-de-envio\/","name":"Pol\u00edticas de Env\u00edo - Talleres Mendiola S.L.","isPartOf":{"@id":"https:\/\/tienda.talleresmendiola.com\/#website"},"datePublished":"2024-04-15T10:20:01+00:00","dateModified":"2024-04-15T11:02:14+00:00","breadcrumb":{"@id":"https:\/\/tienda.talleresmendiola.com\/politicas-de-envio\/#breadcrumb"},"inLanguage":"eu","potentialAction":[{"@type":"ReadAction","target":["https:\/\/tienda.talleresmendiola.com\/politicas-de-envio\/"]}]},{"@type":"BreadcrumbList","@id":"https:\/\/tienda.talleresmendiola.com\/politicas-de-envio\/#breadcrumb","itemListElement":[{"@type":"ListItem","position":1,"name":"Portada","item":"https:\/\/tienda.talleresmendiola.com\/"},{"@type":"ListItem","position":2,"name":"Pol\u00edticas de Env\u00edo"}]},{"@type":"WebSite","@id":"https:\/\/tienda.talleresmendiola.com\/#website","url":"https:\/\/tienda.talleresmendiola.com\/","name":"Talleres Mendiola S.L.","description":"Talleres Mendiola S.L.","publisher":{"@id":"https:\/\/tienda.talleresmendiola.com\/#organization"},"potentialAction":[{"@type":"SearchAction","target":{"@type":"EntryPoint","urlTemplate":"https:\/\/tienda.talleresmendiola.com\/?s={search_term_string}"},"query-input":{"@type":"PropertyValueSpecification","valueRequired":true,"valueName":"search_term_string"}}],"inLanguage":"eu"},{"@type":"Organization","@id":"https:\/\/tienda.talleresmendiola.com\/#organization","name":"Talleres Mendiola S.L.","url":"https:\/\/tienda.talleresmendiola.com\/","logo":{"@type":"ImageObject","inLanguage":"eu","@id":"https:\/\/tienda.talleresmendiola.com\/#\/schema\/logo\/image\/","url":"https:\/\/tienda.talleresmendiola.com\/wp-content\/uploads\/2023\/10\/cropped-logo.png","contentUrl":"https:\/\/tienda.talleresmendiola.com\/wp-content\/uploads\/2023\/10\/cropped-logo.png","width":242,"height":121,"caption":"Talleres Mendiola S.L."},"image":{"@id":"https:\/\/tienda.talleresmendiola.com\/#\/schema\/logo\/image\/"}}]}},"jetpack_sharing_enabled":true,"_links":{"self":[{"href":"https:\/\/tienda.talleresmendiola.com\/eu\/wp-json\/wp\/v2\/pages\/1771","targetHints":{"allow":["GET"]}}],"collection":[{"href":"https:\/\/tienda.talleresmendiola.com\/eu\/wp-json\/wp\/v2\/pages"}],"about":[{"href":"https:\/\/tienda.talleresmendiola.com\/eu\/wp-json\/wp\/v2\/types\/page"}],"author":[{"embeddable":true,"href":"https:\/\/tienda.talleresmendiola.com\/eu\/wp-json\/wp\/v2\/users\/1"}],"replies":[{"embeddable":true,"href":"https:\/\/tienda.talleresmendiola.com\/eu\/wp-json\/wp\/v2\/comments?post=1771"}],"version-history":[{"count":15,"href":"https:\/\/tienda.talleresmendiola.com\/eu\/wp-json\/wp\/v2\/pages\/1771\/revisions"}],"predecessor-version":[{"id":2045,"href":"https:\/\/tienda.talleresmendiola.com\/eu\/wp-json\/wp\/v2\/pages\/1771\/revisions\/2045"}],"wp:attachment":[{"href":"https:\/\/tienda.talleresmendiola.com\/eu\/wp-json\/wp\/v2\/media?parent=1771"}],"curies":[{"name":"wp","href":"https:\/\/api.w.org\/{rel}","templated":true}]}}