{"id":1853,"date":"2024-04-15T11:38:45","date_gmt":"2024-04-15T11:38:45","guid":{"rendered":"https:\/\/tiendatalleresmendiola.rkinformatika.online\/?post_type=product&#038;p=1853"},"modified":"2024-04-16T09:15:48","modified_gmt":"2024-04-16T09:15:48","slug":"portada","status":"publish","type":"product","link":"https:\/\/tienda.talleresmendiola.com\/eu\/produktua\/portada\/","title":{"rendered":"Portada"},"content":{"rendered":"<p>La portada de cristal ofrece una entrada elegante y moderna para cualquier espacio. Con su transparencia y brillo, permite la entrada de luz natural, creando una atm\u00f3sfera acogedora. Adem\u00e1s, su durabilidad y resistencia garantizan una soluci\u00f3n pr\u00e1ctica y de alta calidad para su entrada.<\/p>","protected":false},"excerpt":{"rendered":"<p>La portada de cristal ofrece una entrada elegante y moderna para cualquier espacio. Con su transparencia y brillo, permite la entrada de luz natural, creando una atm\u00f3sfera acogedora. Adem\u00e1s, su durabilidad y resistencia garantizan una soluci\u00f3n pr\u00e1ctica y de alta calidad para su entrada.<\/p>","protected":false},"featured_media":1645,"comment_status":"open","ping_status":"closed","template":"","meta":[],"product_brand":[],"product_cat":[21],"product_tag":[],"class_list":{"0":"post-1853","1":"product","2":"type-product","3":"status-publish","4":"has-post-thumbnail","6":"product_cat-cristales","8":"first","9":"instock","10":"shipping-taxable","11":"purchasable","12":"product-type-simple"},"yoast_head":"<!-- This site is optimized with the Yoast SEO plugin v27.3 - https:\/\/yoast.com\/product\/yoast-seo-wordpress\/ -->\n<title>Portada - Talleres Mendiola S.L.<\/title>\n<meta name=\"robots\" content=\"index, follow, max-snippet:-1, max-image-preview:large, max-video-preview:-1\" \/>\n<link rel=\"canonical\" href=\"https:\/\/tienda.talleresmendiola.com\/eu\/produktua\/portada\/\" \/>\n<meta property=\"og:locale\" content=\"en_US\" \/>\n<meta property=\"og:type\" content=\"article\" \/>\n<meta property=\"og:title\" content=\"Portada - Talleres Mendiola S.L.\" \/>\n<meta property=\"og:description\" content=\"La portada de cristal ofrece una entrada elegante y moderna para cualquier espacio. Con su transparencia y brillo, permite la entrada de luz natural, creando una atm\u00f3sfera acogedora. Adem\u00e1s, su durabilidad y resistencia garantizan una soluci\u00f3n pr\u00e1ctica y de alta calidad para su entrada.\" \/>\n<meta property=\"og:url\" content=\"https:\/\/tienda.talleresmendiola.com\/eu\/produktua\/portada\/\" \/>\n<meta property=\"og:site_name\" content=\"Talleres Mendiola S.L.\" \/>\n<meta property=\"article:modified_time\" content=\"2024-04-16T09:15:48+00:00\" \/>\n<meta property=\"og:image\" content=\"https:\/\/tienda.talleresmendiola.com\/wp-content\/uploads\/2023\/12\/VIDRIOS-TRS-2.jpg\" \/>\n\t<meta property=\"og:image:width\" content=\"1600\" \/>\n\t<meta property=\"og:image:height\" content=\"556\" \/>\n\t<meta property=\"og:image:type\" content=\"image\/jpeg\" \/>\n<meta name=\"twitter:card\" content=\"summary_large_image\" \/>\n<meta name=\"twitter:label1\" content=\"Est. reading time\" \/>\n\t<meta name=\"twitter:data1\" content=\"1 minutua\" \/>\n<script type=\"application\/ld+json\" class=\"yoast-schema-graph\">{\"@context\":\"https:\\\/\\\/schema.org\",\"@graph\":[{\"@type\":\"WebPage\",\"@id\":\"https:\\\/\\\/tienda.talleresmendiola.com\\\/producto\\\/portada\\\/\",\"url\":\"https:\\\/\\\/tienda.talleresmendiola.com\\\/producto\\\/portada\\\/\",\"name\":\"Portada - Talleres Mendiola S.L.\",\"isPartOf\":{\"@id\":\"https:\\\/\\\/tienda.talleresmendiola.com\\\/#website\"},\"primaryImageOfPage\":{\"@id\":\"https:\\\/\\\/tienda.talleresmendiola.com\\\/producto\\\/portada\\\/#primaryimage\"},\"image\":{\"@id\":\"https:\\\/\\\/tienda.talleresmendiola.com\\\/producto\\\/portada\\\/#primaryimage\"},\"thumbnailUrl\":\"https:\\\/\\\/tienda.talleresmendiola.com\\\/wp-content\\\/uploads\\\/2023\\\/12\\\/VIDRIOS-TRS-2.jpg\",\"datePublished\":\"2024-04-15T11:38:45+00:00\",\"dateModified\":\"2024-04-16T09:15:48+00:00\",\"breadcrumb\":{\"@id\":\"https:\\\/\\\/tienda.talleresmendiola.com\\\/producto\\\/portada\\\/#breadcrumb\"},\"inLanguage\":\"eu\",\"potentialAction\":[{\"@type\":\"ReadAction\",\"target\":[\"https:\\\/\\\/tienda.talleresmendiola.com\\\/producto\\\/portada\\\/\"]}]},{\"@type\":\"ImageObject\",\"inLanguage\":\"eu\",\"@id\":\"https:\\\/\\\/tienda.talleresmendiola.com\\\/producto\\\/portada\\\/#primaryimage\",\"url\":\"https:\\\/\\\/tienda.talleresmendiola.com\\\/wp-content\\\/uploads\\\/2023\\\/12\\\/VIDRIOS-TRS-2.jpg\",\"contentUrl\":\"https:\\\/\\\/tienda.talleresmendiola.com\\\/wp-content\\\/uploads\\\/2023\\\/12\\\/VIDRIOS-TRS-2.jpg\",\"width\":1600,\"height\":556},{\"@type\":\"BreadcrumbList\",\"@id\":\"https:\\\/\\\/tienda.talleresmendiola.com\\\/producto\\\/portada\\\/#breadcrumb\",\"itemListElement\":[{\"@type\":\"ListItem\",\"position\":1,\"name\":\"Portada\",\"item\":\"https:\\\/\\\/tienda.talleresmendiola.com\\\/\"},{\"@type\":\"ListItem\",\"position\":2,\"name\":\"Tienda\",\"item\":\"https:\\\/\\\/tienda.talleresmendiola.com\\\/tienda\\\/\"},{\"@type\":\"ListItem\",\"position\":3,\"name\":\"Portada\"}]},{\"@type\":\"WebSite\",\"@id\":\"https:\\\/\\\/tienda.talleresmendiola.com\\\/#website\",\"url\":\"https:\\\/\\\/tienda.talleresmendiola.com\\\/\",\"name\":\"Talleres Mendiola S.L.\",\"description\":\"Talleres Mendiola S.L.\",\"publisher\":{\"@id\":\"https:\\\/\\\/tienda.talleresmendiola.com\\\/#organization\"},\"potentialAction\":[{\"@type\":\"SearchAction\",\"target\":{\"@type\":\"EntryPoint\",\"urlTemplate\":\"https:\\\/\\\/tienda.talleresmendiola.com\\\/?s={search_term_string}\"},\"query-input\":{\"@type\":\"PropertyValueSpecification\",\"valueRequired\":true,\"valueName\":\"search_term_string\"}}],\"inLanguage\":\"eu\"},{\"@type\":\"Organization\",\"@id\":\"https:\\\/\\\/tienda.talleresmendiola.com\\\/#organization\",\"name\":\"Talleres Mendiola S.L.\",\"url\":\"https:\\\/\\\/tienda.talleresmendiola.com\\\/\",\"logo\":{\"@type\":\"ImageObject\",\"inLanguage\":\"eu\",\"@id\":\"https:\\\/\\\/tienda.talleresmendiola.com\\\/#\\\/schema\\\/logo\\\/image\\\/\",\"url\":\"https:\\\/\\\/tienda.talleresmendiola.com\\\/wp-content\\\/uploads\\\/2023\\\/10\\\/cropped-logo.png\",\"contentUrl\":\"https:\\\/\\\/tienda.talleresmendiola.com\\\/wp-content\\\/uploads\\\/2023\\\/10\\\/cropped-logo.png\",\"width\":242,\"height\":121,\"caption\":\"Talleres Mendiola S.L.\"},\"image\":{\"@id\":\"https:\\\/\\\/tienda.talleresmendiola.com\\\/#\\\/schema\\\/logo\\\/image\\\/\"}}]}<\/script>\n<!-- \/ Yoast SEO plugin. -->","yoast_head_json":{"title":"Portada - Talleres Mendiola S.L.","robots":{"index":"index","follow":"follow","max-snippet":"max-snippet:-1","max-image-preview":"max-image-preview:large","max-video-preview":"max-video-preview:-1"},"canonical":"https:\/\/tienda.talleresmendiola.com\/eu\/produktua\/portada\/","og_locale":"en_US","og_type":"article","og_title":"Portada - Talleres Mendiola S.L.","og_description":"La portada de cristal ofrece una entrada elegante y moderna para cualquier espacio. Con su transparencia y brillo, permite la entrada de luz natural, creando una atm\u00f3sfera acogedora. Adem\u00e1s, su durabilidad y resistencia garantizan una soluci\u00f3n pr\u00e1ctica y de alta calidad para su entrada.","og_url":"https:\/\/tienda.talleresmendiola.com\/eu\/produktua\/portada\/","og_site_name":"Talleres Mendiola S.L.","article_modified_time":"2024-04-16T09:15:48+00:00","og_image":[{"width":1600,"height":556,"url":"https:\/\/tienda.talleresmendiola.com\/wp-content\/uploads\/2023\/12\/VIDRIOS-TRS-2.jpg","type":"image\/jpeg"}],"twitter_card":"summary_large_image","twitter_misc":{"Est. reading time":"1 minutua"},"schema":{"@context":"https:\/\/schema.org","@graph":[{"@type":"WebPage","@id":"https:\/\/tienda.talleresmendiola.com\/producto\/portada\/","url":"https:\/\/tienda.talleresmendiola.com\/producto\/portada\/","name":"Portada - Talleres Mendiola S.L.","isPartOf":{"@id":"https:\/\/tienda.talleresmendiola.com\/#website"},"primaryImageOfPage":{"@id":"https:\/\/tienda.talleresmendiola.com\/producto\/portada\/#primaryimage"},"image":{"@id":"https:\/\/tienda.talleresmendiola.com\/producto\/portada\/#primaryimage"},"thumbnailUrl":"https:\/\/tienda.talleresmendiola.com\/wp-content\/uploads\/2023\/12\/VIDRIOS-TRS-2.jpg","datePublished":"2024-04-15T11:38:45+00:00","dateModified":"2024-04-16T09:15:48+00:00","breadcrumb":{"@id":"https:\/\/tienda.talleresmendiola.com\/producto\/portada\/#breadcrumb"},"inLanguage":"eu","potentialAction":[{"@type":"ReadAction","target":["https:\/\/tienda.talleresmendiola.com\/producto\/portada\/"]}]},{"@type":"ImageObject","inLanguage":"eu","@id":"https:\/\/tienda.talleresmendiola.com\/producto\/portada\/#primaryimage","url":"https:\/\/tienda.talleresmendiola.com\/wp-content\/uploads\/2023\/12\/VIDRIOS-TRS-2.jpg","contentUrl":"https:\/\/tienda.talleresmendiola.com\/wp-content\/uploads\/2023\/12\/VIDRIOS-TRS-2.jpg","width":1600,"height":556},{"@type":"BreadcrumbList","@id":"https:\/\/tienda.talleresmendiola.com\/producto\/portada\/#breadcrumb","itemListElement":[{"@type":"ListItem","position":1,"name":"Portada","item":"https:\/\/tienda.talleresmendiola.com\/"},{"@type":"ListItem","position":2,"name":"Tienda","item":"https:\/\/tienda.talleresmendiola.com\/tienda\/"},{"@type":"ListItem","position":3,"name":"Portada"}]},{"@type":"WebSite","@id":"https:\/\/tienda.talleresmendiola.com\/#website","url":"https:\/\/tienda.talleresmendiola.com\/","name":"Talleres Mendiola S.L.","description":"Talleres Mendiola S.L.","publisher":{"@id":"https:\/\/tienda.talleresmendiola.com\/#organization"},"potentialAction":[{"@type":"SearchAction","target":{"@type":"EntryPoint","urlTemplate":"https:\/\/tienda.talleresmendiola.com\/?s={search_term_string}"},"query-input":{"@type":"PropertyValueSpecification","valueRequired":true,"valueName":"search_term_string"}}],"inLanguage":"eu"},{"@type":"Organization","@id":"https:\/\/tienda.talleresmendiola.com\/#organization","name":"Talleres Mendiola S.L.","url":"https:\/\/tienda.talleresmendiola.com\/","logo":{"@type":"ImageObject","inLanguage":"eu","@id":"https:\/\/tienda.talleresmendiola.com\/#\/schema\/logo\/image\/","url":"https:\/\/tienda.talleresmendiola.com\/wp-content\/uploads\/2023\/10\/cropped-logo.png","contentUrl":"https:\/\/tienda.talleresmendiola.com\/wp-content\/uploads\/2023\/10\/cropped-logo.png","width":242,"height":121,"caption":"Talleres Mendiola S.L."},"image":{"@id":"https:\/\/tienda.talleresmendiola.com\/#\/schema\/logo\/image\/"}}]}},"jetpack_sharing_enabled":true,"_links":{"self":[{"href":"https:\/\/tienda.talleresmendiola.com\/eu\/wp-json\/wp\/v2\/product\/1853","targetHints":{"allow":["GET"]}}],"collection":[{"href":"https:\/\/tienda.talleresmendiola.com\/eu\/wp-json\/wp\/v2\/product"}],"about":[{"href":"https:\/\/tienda.talleresmendiola.com\/eu\/wp-json\/wp\/v2\/types\/product"}],"replies":[{"embeddable":true,"href":"https:\/\/tienda.talleresmendiola.com\/eu\/wp-json\/wp\/v2\/comments?post=1853"}],"wp:featuredmedia":[{"embeddable":true,"href":"https:\/\/tienda.talleresmendiola.com\/eu\/wp-json\/wp\/v2\/media\/1645"}],"wp:attachment":[{"href":"https:\/\/tienda.talleresmendiola.com\/eu\/wp-json\/wp\/v2\/media?parent=1853"}],"wp:term":[{"taxonomy":"product_brand","embeddable":true,"href":"https:\/\/tienda.talleresmendiola.com\/eu\/wp-json\/wp\/v2\/product_brand?post=1853"},{"taxonomy":"product_cat","embeddable":true,"href":"https:\/\/tienda.talleresmendiola.com\/eu\/wp-json\/wp\/v2\/product_cat?post=1853"},{"taxonomy":"product_tag","embeddable":true,"href":"https:\/\/tienda.talleresmendiola.com\/eu\/wp-json\/wp\/v2\/product_tag?post=1853"}],"curies":[{"name":"wp","href":"https:\/\/api.w.org\/{rel}","templated":true}]}}