{"id":1854,"date":"2024-04-15T11:41:00","date_gmt":"2024-04-15T11:41:00","guid":{"rendered":"https:\/\/tiendatalleresmendiola.rkinformatika.online\/?post_type=product&#038;p=1854"},"modified":"2025-03-06T23:01:57","modified_gmt":"2025-03-06T23:01:57","slug":"lamtex-su-cafe-praline","status":"publish","type":"product","link":"https:\/\/tienda.talleresmendiola.com\/eu\/produktua\/lamtex-su-cafe-praline\/","title":{"rendered":"Lamtex Su-Cafe Praline"},"content":{"rendered":"<p>Los laminados textiles son materiales vers\u00e1tiles e innovadores que combinan la durabilidad del pl\u00e1stico con la est\u00e9tica y la sensaci\u00f3n t\u00e1ctil de los tejidos. Con una amplia gama de patrones, texturas y colores disponibles, los laminados textiles ofrecen una soluci\u00f3n elegante y funcional para una variedad de aplicaciones, desde revestimientos de muebles y paredes hasta accesorios de moda y elementos decorativos. Su resistencia al desgaste, facilidad de limpieza y capacidad de personalizaci\u00f3n los convierten en una elecci\u00f3n popular para proyectos comerciales y residenciales que buscan un toque de estilo y practicidad.<\/p>","protected":false},"excerpt":{"rendered":"<p>Los laminados textiles son materiales vers\u00e1tiles e innovadores que combinan la durabilidad del pl\u00e1stico con la est\u00e9tica y la sensaci\u00f3n t\u00e1ctil de los tejidos. Con una amplia gama de patrones, texturas y colores disponibles, los laminados textiles ofrecen una soluci\u00f3n elegante y funcional para una variedad de aplicaciones, desde revestimientos de muebles y paredes hasta accesorios de moda y elementos decorativos. Su resistencia al desgaste, facilidad de limpieza y capacidad de personalizaci\u00f3n los convierten en una elecci\u00f3n popular para proyectos comerciales y residenciales que buscan un toque de estilo y practicidad.<\/p>","protected":false},"featured_media":1619,"comment_status":"open","ping_status":"closed","template":"","meta":[],"product_brand":[],"product_cat":[22],"product_tag":[],"class_list":{"0":"post-1854","1":"product","2":"type-product","3":"status-publish","4":"has-post-thumbnail","6":"product_cat-laminados-textiles","8":"first","9":"outofstock","10":"shipping-taxable","11":"purchasable","12":"product-type-simple"},"yoast_head":"<!-- This site is optimized with the Yoast SEO plugin v27.4 - https:\/\/yoast.com\/product\/yoast-seo-wordpress\/ -->\n<title>Lamtex Su-Cafe Praline - Talleres Mendiola S.L.<\/title>\n<meta name=\"robots\" content=\"index, follow, max-snippet:-1, max-image-preview:large, max-video-preview:-1\" \/>\n<link rel=\"canonical\" href=\"https:\/\/tienda.talleresmendiola.com\/eu\/produktua\/lamtex-su-cafe-praline\/\" \/>\n<meta property=\"og:locale\" content=\"en_US\" \/>\n<meta property=\"og:type\" content=\"article\" \/>\n<meta property=\"og:title\" content=\"Lamtex Su-Cafe Praline - Talleres Mendiola S.L.\" \/>\n<meta property=\"og:description\" content=\"Los laminados textiles son materiales vers\u00e1tiles e innovadores que combinan la durabilidad del pl\u00e1stico con la est\u00e9tica y la sensaci\u00f3n t\u00e1ctil de los tejidos. Con una amplia gama de patrones, texturas y colores disponibles, los laminados textiles ofrecen una soluci\u00f3n elegante y funcional para una variedad de aplicaciones, desde revestimientos de muebles y paredes hasta accesorios de moda y elementos decorativos. Su resistencia al desgaste, facilidad de limpieza y capacidad de personalizaci\u00f3n los convierten en una elecci\u00f3n popular para proyectos comerciales y residenciales que buscan un toque de estilo y practicidad.\" \/>\n<meta property=\"og:url\" content=\"https:\/\/tienda.talleresmendiola.com\/eu\/produktua\/lamtex-su-cafe-praline\/\" \/>\n<meta property=\"og:site_name\" content=\"Talleres Mendiola S.L.\" \/>\n<meta property=\"article:modified_time\" content=\"2025-03-06T23:01:57+00:00\" \/>\n<meta property=\"og:image\" content=\"https:\/\/tienda.talleresmendiola.com\/wp-content\/uploads\/2023\/12\/LAMTEX-SU-CAFE-PRALINE-scaled.jpg\" \/>\n\t<meta property=\"og:image:width\" content=\"1805\" \/>\n\t<meta property=\"og:image:height\" content=\"2560\" \/>\n\t<meta property=\"og:image:type\" content=\"image\/jpeg\" \/>\n<meta name=\"twitter:card\" content=\"summary_large_image\" \/>\n<meta name=\"twitter:label1\" content=\"Est. reading time\" \/>\n\t<meta name=\"twitter:data1\" content=\"1 minutua\" \/>\n<script type=\"application\/ld+json\" class=\"yoast-schema-graph\">{\"@context\":\"https:\\\/\\\/schema.org\",\"@graph\":[{\"@type\":\"WebPage\",\"@id\":\"https:\\\/\\\/tienda.talleresmendiola.com\\\/producto\\\/lamtex-su-cafe-praline\\\/\",\"url\":\"https:\\\/\\\/tienda.talleresmendiola.com\\\/producto\\\/lamtex-su-cafe-praline\\\/\",\"name\":\"Lamtex Su-Cafe Praline - Talleres Mendiola S.L.\",\"isPartOf\":{\"@id\":\"https:\\\/\\\/tienda.talleresmendiola.com\\\/#website\"},\"primaryImageOfPage\":{\"@id\":\"https:\\\/\\\/tienda.talleresmendiola.com\\\/producto\\\/lamtex-su-cafe-praline\\\/#primaryimage\"},\"image\":{\"@id\":\"https:\\\/\\\/tienda.talleresmendiola.com\\\/producto\\\/lamtex-su-cafe-praline\\\/#primaryimage\"},\"thumbnailUrl\":\"https:\\\/\\\/tienda.talleresmendiola.com\\\/wp-content\\\/uploads\\\/2023\\\/12\\\/LAMTEX-SU-CAFE-PRALINE-scaled.jpg\",\"datePublished\":\"2024-04-15T11:41:00+00:00\",\"dateModified\":\"2025-03-06T23:01:57+00:00\",\"breadcrumb\":{\"@id\":\"https:\\\/\\\/tienda.talleresmendiola.com\\\/producto\\\/lamtex-su-cafe-praline\\\/#breadcrumb\"},\"inLanguage\":\"eu\",\"potentialAction\":[{\"@type\":\"ReadAction\",\"target\":[\"https:\\\/\\\/tienda.talleresmendiola.com\\\/producto\\\/lamtex-su-cafe-praline\\\/\"]}]},{\"@type\":\"ImageObject\",\"inLanguage\":\"eu\",\"@id\":\"https:\\\/\\\/tienda.talleresmendiola.com\\\/producto\\\/lamtex-su-cafe-praline\\\/#primaryimage\",\"url\":\"https:\\\/\\\/tienda.talleresmendiola.com\\\/wp-content\\\/uploads\\\/2023\\\/12\\\/LAMTEX-SU-CAFE-PRALINE-scaled.jpg\",\"contentUrl\":\"https:\\\/\\\/tienda.talleresmendiola.com\\\/wp-content\\\/uploads\\\/2023\\\/12\\\/LAMTEX-SU-CAFE-PRALINE-scaled.jpg\",\"width\":1805,\"height\":2560},{\"@type\":\"BreadcrumbList\",\"@id\":\"https:\\\/\\\/tienda.talleresmendiola.com\\\/producto\\\/lamtex-su-cafe-praline\\\/#breadcrumb\",\"itemListElement\":[{\"@type\":\"ListItem\",\"position\":1,\"name\":\"Portada\",\"item\":\"https:\\\/\\\/tienda.talleresmendiola.com\\\/\"},{\"@type\":\"ListItem\",\"position\":2,\"name\":\"Tienda\",\"item\":\"https:\\\/\\\/tienda.talleresmendiola.com\\\/tienda\\\/\"},{\"@type\":\"ListItem\",\"position\":3,\"name\":\"Lamtex Su-Cafe Praline\"}]},{\"@type\":\"WebSite\",\"@id\":\"https:\\\/\\\/tienda.talleresmendiola.com\\\/#website\",\"url\":\"https:\\\/\\\/tienda.talleresmendiola.com\\\/\",\"name\":\"Talleres Mendiola S.L.\",\"description\":\"Talleres Mendiola S.L.\",\"publisher\":{\"@id\":\"https:\\\/\\\/tienda.talleresmendiola.com\\\/#organization\"},\"potentialAction\":[{\"@type\":\"SearchAction\",\"target\":{\"@type\":\"EntryPoint\",\"urlTemplate\":\"https:\\\/\\\/tienda.talleresmendiola.com\\\/?s={search_term_string}\"},\"query-input\":{\"@type\":\"PropertyValueSpecification\",\"valueRequired\":true,\"valueName\":\"search_term_string\"}}],\"inLanguage\":\"eu\"},{\"@type\":\"Organization\",\"@id\":\"https:\\\/\\\/tienda.talleresmendiola.com\\\/#organization\",\"name\":\"Talleres Mendiola S.L.\",\"url\":\"https:\\\/\\\/tienda.talleresmendiola.com\\\/\",\"logo\":{\"@type\":\"ImageObject\",\"inLanguage\":\"eu\",\"@id\":\"https:\\\/\\\/tienda.talleresmendiola.com\\\/#\\\/schema\\\/logo\\\/image\\\/\",\"url\":\"https:\\\/\\\/tienda.talleresmendiola.com\\\/wp-content\\\/uploads\\\/2023\\\/10\\\/cropped-logo.png\",\"contentUrl\":\"https:\\\/\\\/tienda.talleresmendiola.com\\\/wp-content\\\/uploads\\\/2023\\\/10\\\/cropped-logo.png\",\"width\":242,\"height\":121,\"caption\":\"Talleres Mendiola S.L.\"},\"image\":{\"@id\":\"https:\\\/\\\/tienda.talleresmendiola.com\\\/#\\\/schema\\\/logo\\\/image\\\/\"}}]}<\/script>\n<!-- \/ Yoast SEO plugin. -->","yoast_head_json":{"title":"Lamtex Su-Cafe Praline - Talleres Mendiola S.L.","robots":{"index":"index","follow":"follow","max-snippet":"max-snippet:-1","max-image-preview":"max-image-preview:large","max-video-preview":"max-video-preview:-1"},"canonical":"https:\/\/tienda.talleresmendiola.com\/eu\/produktua\/lamtex-su-cafe-praline\/","og_locale":"en_US","og_type":"article","og_title":"Lamtex Su-Cafe Praline - Talleres Mendiola S.L.","og_description":"Los laminados textiles son materiales vers\u00e1tiles e innovadores que combinan la durabilidad del pl\u00e1stico con la est\u00e9tica y la sensaci\u00f3n t\u00e1ctil de los tejidos. Con una amplia gama de patrones, texturas y colores disponibles, los laminados textiles ofrecen una soluci\u00f3n elegante y funcional para una variedad de aplicaciones, desde revestimientos de muebles y paredes hasta accesorios de moda y elementos decorativos. Su resistencia al desgaste, facilidad de limpieza y capacidad de personalizaci\u00f3n los convierten en una elecci\u00f3n popular para proyectos comerciales y residenciales que buscan un toque de estilo y practicidad.","og_url":"https:\/\/tienda.talleresmendiola.com\/eu\/produktua\/lamtex-su-cafe-praline\/","og_site_name":"Talleres Mendiola S.L.","article_modified_time":"2025-03-06T23:01:57+00:00","og_image":[{"width":1805,"height":2560,"url":"https:\/\/tienda.talleresmendiola.com\/wp-content\/uploads\/2023\/12\/LAMTEX-SU-CAFE-PRALINE-scaled.jpg","type":"image\/jpeg"}],"twitter_card":"summary_large_image","twitter_misc":{"Est. reading time":"1 minutua"},"schema":{"@context":"https:\/\/schema.org","@graph":[{"@type":"WebPage","@id":"https:\/\/tienda.talleresmendiola.com\/producto\/lamtex-su-cafe-praline\/","url":"https:\/\/tienda.talleresmendiola.com\/producto\/lamtex-su-cafe-praline\/","name":"Lamtex Su-Cafe Praline - Talleres Mendiola S.L.","isPartOf":{"@id":"https:\/\/tienda.talleresmendiola.com\/#website"},"primaryImageOfPage":{"@id":"https:\/\/tienda.talleresmendiola.com\/producto\/lamtex-su-cafe-praline\/#primaryimage"},"image":{"@id":"https:\/\/tienda.talleresmendiola.com\/producto\/lamtex-su-cafe-praline\/#primaryimage"},"thumbnailUrl":"https:\/\/tienda.talleresmendiola.com\/wp-content\/uploads\/2023\/12\/LAMTEX-SU-CAFE-PRALINE-scaled.jpg","datePublished":"2024-04-15T11:41:00+00:00","dateModified":"2025-03-06T23:01:57+00:00","breadcrumb":{"@id":"https:\/\/tienda.talleresmendiola.com\/producto\/lamtex-su-cafe-praline\/#breadcrumb"},"inLanguage":"eu","potentialAction":[{"@type":"ReadAction","target":["https:\/\/tienda.talleresmendiola.com\/producto\/lamtex-su-cafe-praline\/"]}]},{"@type":"ImageObject","inLanguage":"eu","@id":"https:\/\/tienda.talleresmendiola.com\/producto\/lamtex-su-cafe-praline\/#primaryimage","url":"https:\/\/tienda.talleresmendiola.com\/wp-content\/uploads\/2023\/12\/LAMTEX-SU-CAFE-PRALINE-scaled.jpg","contentUrl":"https:\/\/tienda.talleresmendiola.com\/wp-content\/uploads\/2023\/12\/LAMTEX-SU-CAFE-PRALINE-scaled.jpg","width":1805,"height":2560},{"@type":"BreadcrumbList","@id":"https:\/\/tienda.talleresmendiola.com\/producto\/lamtex-su-cafe-praline\/#breadcrumb","itemListElement":[{"@type":"ListItem","position":1,"name":"Portada","item":"https:\/\/tienda.talleresmendiola.com\/"},{"@type":"ListItem","position":2,"name":"Tienda","item":"https:\/\/tienda.talleresmendiola.com\/tienda\/"},{"@type":"ListItem","position":3,"name":"Lamtex Su-Cafe Praline"}]},{"@type":"WebSite","@id":"https:\/\/tienda.talleresmendiola.com\/#website","url":"https:\/\/tienda.talleresmendiola.com\/","name":"Talleres Mendiola S.L.","description":"Talleres Mendiola S.L.","publisher":{"@id":"https:\/\/tienda.talleresmendiola.com\/#organization"},"potentialAction":[{"@type":"SearchAction","target":{"@type":"EntryPoint","urlTemplate":"https:\/\/tienda.talleresmendiola.com\/?s={search_term_string}"},"query-input":{"@type":"PropertyValueSpecification","valueRequired":true,"valueName":"search_term_string"}}],"inLanguage":"eu"},{"@type":"Organization","@id":"https:\/\/tienda.talleresmendiola.com\/#organization","name":"Talleres Mendiola S.L.","url":"https:\/\/tienda.talleresmendiola.com\/","logo":{"@type":"ImageObject","inLanguage":"eu","@id":"https:\/\/tienda.talleresmendiola.com\/#\/schema\/logo\/image\/","url":"https:\/\/tienda.talleresmendiola.com\/wp-content\/uploads\/2023\/10\/cropped-logo.png","contentUrl":"https:\/\/tienda.talleresmendiola.com\/wp-content\/uploads\/2023\/10\/cropped-logo.png","width":242,"height":121,"caption":"Talleres Mendiola S.L."},"image":{"@id":"https:\/\/tienda.talleresmendiola.com\/#\/schema\/logo\/image\/"}}]}},"jetpack_sharing_enabled":true,"_links":{"self":[{"href":"https:\/\/tienda.talleresmendiola.com\/eu\/wp-json\/wp\/v2\/product\/1854","targetHints":{"allow":["GET"]}}],"collection":[{"href":"https:\/\/tienda.talleresmendiola.com\/eu\/wp-json\/wp\/v2\/product"}],"about":[{"href":"https:\/\/tienda.talleresmendiola.com\/eu\/wp-json\/wp\/v2\/types\/product"}],"replies":[{"embeddable":true,"href":"https:\/\/tienda.talleresmendiola.com\/eu\/wp-json\/wp\/v2\/comments?post=1854"}],"wp:featuredmedia":[{"embeddable":true,"href":"https:\/\/tienda.talleresmendiola.com\/eu\/wp-json\/wp\/v2\/media\/1619"}],"wp:attachment":[{"href":"https:\/\/tienda.talleresmendiola.com\/eu\/wp-json\/wp\/v2\/media?parent=1854"}],"wp:term":[{"taxonomy":"product_brand","embeddable":true,"href":"https:\/\/tienda.talleresmendiola.com\/eu\/wp-json\/wp\/v2\/product_brand?post=1854"},{"taxonomy":"product_cat","embeddable":true,"href":"https:\/\/tienda.talleresmendiola.com\/eu\/wp-json\/wp\/v2\/product_cat?post=1854"},{"taxonomy":"product_tag","embeddable":true,"href":"https:\/\/tienda.talleresmendiola.com\/eu\/wp-json\/wp\/v2\/product_tag?post=1854"}],"curies":[{"name":"wp","href":"https:\/\/api.w.org\/{rel}","templated":true}]}}